{"id":74,"date":"2022-09-07T12:24:53","date_gmt":"2022-09-07T10:24:53","guid":{"rendered":"http:\/\/www.associationlachaloupe.org\/?page_id=74"},"modified":"2024-09-12T18:33:09","modified_gmt":"2024-09-12T16:33:09","slug":"boutique","status":"publish","type":"page","link":"http:\/\/www.associationlachaloupe.org\/?page_id=74","title":{"rendered":"Boutique"},"content":{"rendered":"\n<p class=\"has-text-align-center\">La boutique est ouverte <strong>tous les mercredis de 9h30 \u00e0 13h. <\/strong><br>Rue de l\u2019\u00e9cluse, 85 330 Noirmoutier-en-l\u2019\u00cele. 02 51 39 00 37<\/p>\n\n\n\n<p class=\"has-text-align-left has-white-background-color has-text-color has-background\" style=\"color:#a73c2e;font-size:25px\">Vos achats servent \u00e0 <strong>financer les actions<\/strong> de l&#8217;association <strong>en faveur du patrimoine maritime<\/strong> et permettent \u00e0 la manifestation <em>Les R\u00e9gates du Bois de la Chaise<\/em> de <strong>perdurer<\/strong>. <\/p>\n\n\n\n<div class=\"wp-block-buttons is-content-justification-center is-layout-flex wp-container-core-buttons-is-layout-16018d1d wp-block-buttons-is-layout-flex\">\n<div class=\"wp-block-button\"><a class=\"wp-block-button__link has-background wp-element-button\" href=\"http:\/\/www.associationlachaloupe.org\/?rl_gallery=affiches\" style=\"background-color:#a73c2e\" target=\"_blank\" rel=\"noreferrer noopener\">Affiches<\/a><\/div>\n<\/div>\n\n\n\n<div class=\"wp-block-buttons is-content-justification-center is-layout-flex wp-container-core-buttons-is-layout-16018d1d wp-block-buttons-is-layout-flex\">\n<div class=\"wp-block-button\"><a class=\"wp-block-button__link has-background wp-element-button\" href=\"http:\/\/www.associationlachaloupe.org\/?rl_gallery=t-shirts-polos\" style=\"background-color:#a73c2e\" target=\"_blank\" rel=\"noreferrer noopener\">T-shirts<\/a><\/div>\n<\/div>\n\n\n\n<hr class=\"wp-block-separator has-alpha-channel-opacity is-style-wide\"\/>\n\n\n\n<figure class=\"wp-block-image size-large\"><img decoding=\"async\" src=\"http:\/\/www.associationlachaloupe.org\/wp-content\/uploads\/2022\/10\/358162730_304536218613688_2474229876169266975_n-1024x684.jpg\" alt=\"\" class=\"wp-image-1361\"\/><\/figure>\n\n\n\n<div class=\"wp-block-responsive-lightbox-gallery\"><div class=\"rl-gallery-container rl-loading\" id=\"rl-gallery-container-1\" data-gallery_id=\"833\"> <div class=\"rl-gallery rl-basicgrid-gallery rl-hover-effect-2 rl-hover-icon-2\" id=\"rl-gallery-1\" data-gallery_no=\"1\"> <div class=\"rl-gallery-item\"><a href=\"http:\/\/www.associationlachaloupe.org\/wp-content\/uploads\/2022\/10\/IMG_5335-2-scaled.jpg\" title=\"\" data-rl_title=\"\" class=\"rl-gallery-link\" data-rl_caption=\"\" data-rel=\"lightbox-gallery-1\"><img loading=\"lazy\" decoding=\"async\" src=\"http:\/\/www.associationlachaloupe.org\/wp-content\/uploads\/2022\/10\/IMG_5335-2-1024x683.jpg\" width=\"525\" height=\"350\" alt=\"\"\/><\/a><\/div><div class=\"rl-gallery-item\"><a href=\"http:\/\/www.associationlachaloupe.org\/wp-content\/uploads\/2022\/10\/IMG_5334-2-scaled.jpg\" title=\"\" data-rl_title=\"\" class=\"rl-gallery-link\" data-rl_caption=\"\" data-rel=\"lightbox-gallery-1\"><img loading=\"lazy\" decoding=\"async\" src=\"http:\/\/www.associationlachaloupe.org\/wp-content\/uploads\/2022\/10\/IMG_5334-2-1024x683.jpg\" width=\"525\" height=\"350\" alt=\"\"\/><\/a><\/div><div class=\"rl-gallery-item\"><a href=\"http:\/\/www.associationlachaloupe.org\/wp-content\/uploads\/2022\/10\/toile-10-ans.jpeg\" title=\"\" data-rl_title=\"\" class=\"rl-gallery-link\" data-rl_caption=\"\" data-rel=\"lightbox-gallery-1\"><img loading=\"lazy\" decoding=\"async\" src=\"http:\/\/www.associationlachaloupe.org\/wp-content\/uploads\/2022\/10\/toile-10-ans-1024x1024.jpeg\" width=\"525\" height=\"525\" alt=\"\"\/><\/a><\/div><div class=\"rl-gallery-item\"><a href=\"http:\/\/www.associationlachaloupe.org\/wp-content\/uploads\/2022\/10\/IMG_5351-1-scaled.jpg\" title=\"\" data-rl_title=\"\" class=\"rl-gallery-link\" data-rl_caption=\"\" data-rel=\"lightbox-gallery-1\"><img loading=\"lazy\" decoding=\"async\" src=\"http:\/\/www.associationlachaloupe.org\/wp-content\/uploads\/2022\/10\/IMG_5351-1-1024x683.jpg\" width=\"525\" height=\"350\" alt=\"\"\/><\/a><\/div><div class=\"rl-gallery-item\"><a href=\"http:\/\/www.associationlachaloupe.org\/wp-content\/uploads\/2022\/10\/IMG_5352-1-scaled.jpg\" title=\"\" data-rl_title=\"\" class=\"rl-gallery-link\" data-rl_caption=\"\" data-rel=\"lightbox-gallery-1\"><img loading=\"lazy\" decoding=\"async\" src=\"http:\/\/www.associationlachaloupe.org\/wp-content\/uploads\/2022\/10\/IMG_5352-1-1024x683.jpg\" width=\"525\" height=\"350\" alt=\"\"\/><\/a><\/div><div class=\"rl-gallery-item\"><a href=\"http:\/\/www.associationlachaloupe.org\/wp-content\/uploads\/2022\/10\/IMG_5361-1-scaled.jpg\" title=\"\" data-rl_title=\"\" class=\"rl-gallery-link\" data-rl_caption=\"\" data-rel=\"lightbox-gallery-1\"><img loading=\"lazy\" decoding=\"async\" src=\"http:\/\/www.associationlachaloupe.org\/wp-content\/uploads\/2022\/10\/IMG_5361-1-1024x683.jpg\" width=\"525\" height=\"350\" alt=\"\"\/><\/a><\/div><div class=\"rl-gallery-item\"><a href=\"http:\/\/www.associationlachaloupe.org\/wp-content\/uploads\/2022\/10\/IMG_5362-1-scaled.jpg\" title=\"\" data-rl_title=\"\" class=\"rl-gallery-link\" data-rl_caption=\"\" data-rel=\"lightbox-gallery-1\"><img loading=\"lazy\" decoding=\"async\" src=\"http:\/\/www.associationlachaloupe.org\/wp-content\/uploads\/2022\/10\/IMG_5362-1-1024x683.jpg\" width=\"525\" height=\"350\" alt=\"\"\/><\/a><\/div><div class=\"rl-gallery-item\"><a href=\"http:\/\/www.associationlachaloupe.org\/wp-content\/uploads\/2022\/10\/IMG_5363-1-scaled.jpg\" title=\"\" data-rl_title=\"\" class=\"rl-gallery-link\" data-rl_caption=\"\" data-rel=\"lightbox-gallery-1\"><img loading=\"lazy\" decoding=\"async\" src=\"http:\/\/www.associationlachaloupe.org\/wp-content\/uploads\/2022\/10\/IMG_5363-1-1024x683.jpg\" width=\"525\" height=\"350\" alt=\"\"\/><\/a><\/div><div class=\"rl-gallery-item\"><a href=\"http:\/\/www.associationlachaloupe.org\/wp-content\/uploads\/2022\/10\/IMG_5367-1-scaled.jpg\" title=\"\" data-rl_title=\"\" class=\"rl-gallery-link\" data-rl_caption=\"\" data-rel=\"lightbox-gallery-1\"><img loading=\"lazy\" decoding=\"async\" src=\"http:\/\/www.associationlachaloupe.org\/wp-content\/uploads\/2022\/10\/IMG_5367-1-1024x683.jpg\" width=\"525\" height=\"350\" alt=\"\"\/><\/a><\/div><div class=\"rl-gallery-item\"><a href=\"http:\/\/www.associationlachaloupe.org\/wp-content\/uploads\/2022\/10\/IMG_5371-1-scaled.jpg\" title=\"\" data-rl_title=\"\" class=\"rl-gallery-link\" data-rl_caption=\"\" data-rel=\"lightbox-gallery-1\"><img loading=\"lazy\" decoding=\"async\" src=\"http:\/\/www.associationlachaloupe.org\/wp-content\/uploads\/2022\/10\/IMG_5371-1-1024x683.jpg\" width=\"525\" height=\"350\" alt=\"\"\/><\/a><\/div><div class=\"rl-gallery-item\"><a href=\"http:\/\/www.associationlachaloupe.org\/wp-content\/uploads\/2022\/10\/IMG_5372-1-scaled.jpg\" title=\"\" data-rl_title=\"\" class=\"rl-gallery-link\" data-rl_caption=\"\" data-rel=\"lightbox-gallery-1\"><img loading=\"lazy\" decoding=\"async\" src=\"http:\/\/www.associationlachaloupe.org\/wp-content\/uploads\/2022\/10\/IMG_5372-1-1024x683.jpg\" width=\"525\" height=\"350\" alt=\"\"\/><\/a><\/div><div class=\"rl-gallery-item\"><a href=\"http:\/\/www.associationlachaloupe.org\/wp-content\/uploads\/2022\/10\/IMG_5375-1-scaled.jpg\" title=\"\" data-rl_title=\"\" class=\"rl-gallery-link\" data-rl_caption=\"\" data-rel=\"lightbox-gallery-1\"><img loading=\"lazy\" decoding=\"async\" src=\"http:\/\/www.associationlachaloupe.org\/wp-content\/uploads\/2022\/10\/IMG_5375-1-1024x683.jpg\" width=\"525\" height=\"350\" alt=\"\"\/><\/a><\/div><div class=\"rl-gallery-item\"><a href=\"http:\/\/www.associationlachaloupe.org\/wp-content\/uploads\/2022\/10\/IMG_5376-1-scaled.jpg\" title=\"\" data-rl_title=\"\" class=\"rl-gallery-link\" data-rl_caption=\"\" data-rel=\"lightbox-gallery-1\"><img loading=\"lazy\" decoding=\"async\" src=\"http:\/\/www.associationlachaloupe.org\/wp-content\/uploads\/2022\/10\/IMG_5376-1-1024x683.jpg\" width=\"525\" height=\"350\" alt=\"\"\/><\/a><\/div><div class=\"rl-gallery-item\"><a href=\"http:\/\/www.associationlachaloupe.org\/wp-content\/uploads\/2022\/10\/IMG_5377-1-scaled.jpg\" title=\"\" data-rl_title=\"\" class=\"rl-gallery-link\" data-rl_caption=\"\" data-rel=\"lightbox-gallery-1\"><img loading=\"lazy\" decoding=\"async\" src=\"http:\/\/www.associationlachaloupe.org\/wp-content\/uploads\/2022\/10\/IMG_5377-1-1024x683.jpg\" width=\"525\" height=\"350\" alt=\"\"\/><\/a><\/div> <\/div> <\/div><\/div>\n","protected":false},"excerpt":{"rendered":"<p>La boutique est ouverte tous les mercredis de 9h30 \u00e0 13h. Rue de l\u2019\u00e9cluse, 85 330 Noirmoutier-en-l\u2019\u00cele. 02 51 39 00 37 Vos achats servent \u00e0 financer les actions de l&#8217;association en faveur du patrimoine maritime et permettent \u00e0 la manifestation Les R\u00e9gates du Bois de la Chaise de perdurer.<\/p>\n","protected":false},"author":2,"featured_media":0,"parent":0,"menu_order":0,"comment_status":"closed","ping_status":"closed","template":"","meta":{"footnotes":""},"class_list":["post-74","page","type-page","status-publish","hentry"],"_links":{"self":[{"href":"http:\/\/www.associationlachaloupe.org\/index.php?rest_route=\/wp\/v2\/pages\/74","targetHints":{"allow":["GET"]}}],"collection":[{"href":"http:\/\/www.associationlachaloupe.org\/index.php?rest_route=\/wp\/v2\/pages"}],"about":[{"href":"http:\/\/www.associationlachaloupe.org\/index.php?rest_route=\/wp\/v2\/types\/page"}],"author":[{"embeddable":true,"href":"http:\/\/www.associationlachaloupe.org\/index.php?rest_route=\/wp\/v2\/users\/2"}],"replies":[{"embeddable":true,"href":"http:\/\/www.associationlachaloupe.org\/index.php?rest_route=%2Fwp%2Fv2%2Fcomments&post=74"}],"version-history":[{"count":31,"href":"http:\/\/www.associationlachaloupe.org\/index.php?rest_route=\/wp\/v2\/pages\/74\/revisions"}],"predecessor-version":[{"id":1743,"href":"http:\/\/www.associationlachaloupe.org\/index.php?rest_route=\/wp\/v2\/pages\/74\/revisions\/1743"}],"wp:attachment":[{"href":"http:\/\/www.associationlachaloupe.org\/index.php?rest_route=%2Fwp%2Fv2%2Fmedia&parent=74"}],"curies":[{"name":"wp","href":"https:\/\/api.w.org\/{rel}","templated":true}]}}