{"id":990,"date":"2022-10-26T12:42:57","date_gmt":"2022-10-26T10:42:57","guid":{"rendered":"http:\/\/www.associationlachaloupe.org\/?page_id=990"},"modified":"2022-12-07T11:20:02","modified_gmt":"2022-12-07T10:20:02","slug":"batiment-1","status":"publish","type":"page","link":"http:\/\/www.associationlachaloupe.org\/?page_id=990","title":{"rendered":"COSA OSTRA"},"content":{"rendered":"\n<figure class=\"wp-block-image size-large\"><img loading=\"lazy\" decoding=\"async\" width=\"768\" height=\"1024\" src=\"http:\/\/www.associationlachaloupe.org\/wp-content\/uploads\/2022\/11\/313941758_665163565020906_2898484270809027263_n-1-768x1024.jpg\" alt=\"\" class=\"wp-image-1074\" srcset=\"http:\/\/www.associationlachaloupe.org\/wp-content\/uploads\/2022\/11\/313941758_665163565020906_2898484270809027263_n-1-768x1024.jpg 768w, http:\/\/www.associationlachaloupe.org\/wp-content\/uploads\/2022\/11\/313941758_665163565020906_2898484270809027263_n-1-225x300.jpg 225w, http:\/\/www.associationlachaloupe.org\/wp-content\/uploads\/2022\/11\/313941758_665163565020906_2898484270809027263_n-1-1152x1536.jpg 1152w, http:\/\/www.associationlachaloupe.org\/wp-content\/uploads\/2022\/11\/313941758_665163565020906_2898484270809027263_n-1.jpg 1536w\" sizes=\"auto, (max-width: 767px) 89vw, (max-width: 1000px) 54vw, (max-width: 1071px) 543px, 580px\" \/><figcaption class=\"wp-element-caption\"><strong>\u00a9<\/strong> La Chaloupe<\/figcaption><\/figure>\n\n\n\n<figure class=\"wp-block-image size-full\"><img loading=\"lazy\" decoding=\"async\" width=\"948\" height=\"710\" src=\"http:\/\/www.associationlachaloupe.org\/wp-content\/uploads\/2022\/12\/cosa-ostra.jpg\" alt=\"\" class=\"wp-image-1124\" srcset=\"http:\/\/www.associationlachaloupe.org\/wp-content\/uploads\/2022\/12\/cosa-ostra.jpg 948w, http:\/\/www.associationlachaloupe.org\/wp-content\/uploads\/2022\/12\/cosa-ostra-300x225.jpg 300w, http:\/\/www.associationlachaloupe.org\/wp-content\/uploads\/2022\/12\/cosa-ostra-768x575.jpg 768w\" sizes=\"auto, (max-width: 767px) 89vw, (max-width: 1000px) 54vw, (max-width: 1071px) 543px, 580px\" \/><figcaption class=\"wp-element-caption\"><strong>\u00a9<\/strong> Claude PETIT<\/figcaption><\/figure>\n\n\n\n<figure class=\"wp-block-table\"><table><tbody><tr><td>Longueur de la coque<\/td><td><strong>7,04m<\/strong><\/td><\/tr><tr><td>Longueur \u00e0 la flottaison<\/td><td><strong>6,04m<\/strong><\/td><\/tr><tr><td>Surface maximum de voile<\/td><td><strong>25m2<\/strong><\/td><\/tr><tr><td>Ma\u00eetre bau<\/td><td><strong>2,21m<\/strong><\/td><\/tr><tr><td>Tirant d&#8217;eau<\/td><td><strong>0,80m<\/strong><\/td><\/tr><tr><td>D\u00e9placement<\/td><td><strong>1 tonne<\/strong><\/td><\/tr><tr><td>Gr\u00e9ement<\/td><td><strong>Sloop Houari<\/strong><\/td><\/tr><\/tbody><\/table><\/figure>\n\n\n\n<p><em>Cosa Ostra<\/em> est une r\u00e9plique d&#8217;une lasse ostr\u00e9icole mise \u00e0 l&#8217;eau en juin 2001. Sa construction a \u00e9t\u00e9 possible gr\u00e2ce \u00e0 l&#8217;association<em> Flotille en Pertuis<\/em> qui a fourni les plans d&#8217;une lasse \u00e0 voile.<\/p>\n\n\n\n<p>Ce type de bateau, import\u00e9 dans les ann\u00e9es 1940 dans la r\u00e9gion de la Baie de Bourgneuf par les Charentais du bassin Marennes-Ol\u00e9ron, est remplac\u00e9 aujourd&#8217;hui par les embarcations de m\u00eame type en aluminium ou pas des chalands.<\/p>\n\n\n\n<p>Les premi\u00e8res lasses arriv\u00e9es \u00e0 Noirmoutier ou construites par les charpentiers de la Baie de Bourgneuf n&#8217;avaient pas de d\u00e9rive : elles \u00e9taient charg\u00e9es de moules ou de mannes d&#8217;hu\u00eetres et tract\u00e9es par un bateau \u00e0 moteur. <\/p>\n\n\n\n<p><\/p>\n\n\n\n<p><\/p>\n\n\n\n<div class=\"wp-block-responsive-lightbox-gallery\"><div class=\"rl-gallery-container rl-loading\" id=\"rl-gallery-container-1\" data-gallery_id=\"1072\"> <ul class=\"rl-gallery rl-basicslider-gallery \" id=\"rl-gallery-1\" data-gallery_no=\"1\"> <li class=\"rl-gallery-item\"><a href=\"http:\/\/www.associationlachaloupe.org\/wp-content\/uploads\/2022\/11\/313990176_2003526576503884_3587290248135803510_n-1.jpg\" title=\"\" data-rl_title=\"\" class=\"rl-gallery-link\" data-rl_caption=\"\" data-rel=\"lightbox-gallery-1\"><img loading=\"lazy\" decoding=\"async\" src=\"http:\/\/www.associationlachaloupe.org\/wp-content\/uploads\/2022\/11\/313990176_2003526576503884_3587290248135803510_n-1-768x576.jpg\" width=\"525\" height=\"394\" alt=\"\"\/><\/a><\/li><li class=\"rl-gallery-item\"><a href=\"http:\/\/www.associationlachaloupe.org\/wp-content\/uploads\/2022\/11\/314350211_1090052494987312_8261277212403910250_n-1.jpg\" title=\"\" data-rl_title=\"\" class=\"rl-gallery-link\" data-rl_caption=\"\" data-rel=\"lightbox-gallery-1\"><img loading=\"lazy\" decoding=\"async\" src=\"http:\/\/www.associationlachaloupe.org\/wp-content\/uploads\/2022\/11\/314350211_1090052494987312_8261277212403910250_n-1-768x576.jpg\" width=\"525\" height=\"394\" alt=\"\"\/><\/a><\/li><li class=\"rl-gallery-item\"><a href=\"http:\/\/www.associationlachaloupe.org\/wp-content\/uploads\/2022\/11\/313844123_637200181436368_7362314748089979283_n-1.jpg\" title=\"\" data-rl_title=\"\" class=\"rl-gallery-link\" data-rl_caption=\"\" data-rel=\"lightbox-gallery-1\"><img loading=\"lazy\" decoding=\"async\" src=\"http:\/\/www.associationlachaloupe.org\/wp-content\/uploads\/2022\/11\/313844123_637200181436368_7362314748089979283_n-1-768x576.jpg\" width=\"525\" height=\"394\" alt=\"\"\/><\/a><\/li><li class=\"rl-gallery-item\"><a href=\"http:\/\/www.associationlachaloupe.org\/wp-content\/uploads\/2022\/11\/314377111_1144940686453554_8730399445429774482_n-1.jpg\" title=\"\" data-rl_title=\"\" class=\"rl-gallery-link\" data-rl_caption=\"\" data-rel=\"lightbox-gallery-1\"><img loading=\"lazy\" decoding=\"async\" src=\"http:\/\/www.associationlachaloupe.org\/wp-content\/uploads\/2022\/11\/314377111_1144940686453554_8730399445429774482_n-1-768x576.jpg\" width=\"525\" height=\"394\" alt=\"\"\/><\/a><\/li> <\/ul> <\/div><\/div>\n","protected":false},"excerpt":{"rendered":"<p>Longueur de la coque 7,04m Longueur \u00e0 la flottaison 6,04m Surface maximum de voile 25m2 Ma\u00eetre bau 2,21m Tirant d&#8217;eau 0,80m D\u00e9placement 1 tonne Gr\u00e9ement Sloop Houari Cosa Ostra est une r\u00e9plique d&#8217;une lasse ostr\u00e9icole mise \u00e0 l&#8217;eau en juin 2001. Sa construction a \u00e9t\u00e9 possible gr\u00e2ce \u00e0 l&#8217;association Flotille en Pertuis qui a fourni &hellip; <\/p>\n<p class=\"link-more\"><a href=\"http:\/\/www.associationlachaloupe.org\/?page_id=990\" class=\"more-link\">Continuer la lecture<span class=\"screen-reader-text\"> de &laquo;&nbsp;COSA OSTRA&nbsp;&raquo;<\/span><\/a><\/p>\n","protected":false},"author":2,"featured_media":0,"parent":0,"menu_order":0,"comment_status":"closed","ping_status":"closed","template":"","meta":{"footnotes":""},"class_list":["post-990","page","type-page","status-publish","hentry"],"_links":{"self":[{"href":"http:\/\/www.associationlachaloupe.org\/index.php?rest_route=\/wp\/v2\/pages\/990","targetHints":{"allow":["GET"]}}],"collection":[{"href":"http:\/\/www.associationlachaloupe.org\/index.php?rest_route=\/wp\/v2\/pages"}],"about":[{"href":"http:\/\/www.associationlachaloupe.org\/index.php?rest_route=\/wp\/v2\/types\/page"}],"author":[{"embeddable":true,"href":"http:\/\/www.associationlachaloupe.org\/index.php?rest_route=\/wp\/v2\/users\/2"}],"replies":[{"embeddable":true,"href":"http:\/\/www.associationlachaloupe.org\/index.php?rest_route=%2Fwp%2Fv2%2Fcomments&post=990"}],"version-history":[{"count":8,"href":"http:\/\/www.associationlachaloupe.org\/index.php?rest_route=\/wp\/v2\/pages\/990\/revisions"}],"predecessor-version":[{"id":1125,"href":"http:\/\/www.associationlachaloupe.org\/index.php?rest_route=\/wp\/v2\/pages\/990\/revisions\/1125"}],"wp:attachment":[{"href":"http:\/\/www.associationlachaloupe.org\/index.php?rest_route=%2Fwp%2Fv2%2Fmedia&parent=990"}],"curies":[{"name":"wp","href":"https:\/\/api.w.org\/{rel}","templated":true}]}}