{"id":411,"date":"2022-10-01T10:31:56","date_gmt":"2022-10-01T08:31:56","guid":{"rendered":"http:\/\/www.associationlachaloupe.org\/?page_id=411"},"modified":"2025-06-04T09:51:19","modified_gmt":"2025-06-04T07:51:19","slug":"conseil-dadministration","status":"publish","type":"page","link":"https:\/\/www.associationlachaloupe.org\/?page_id=411","title":{"rendered":"Conseil d&#8217;administration"},"content":{"rendered":"\n<figure class=\"wp-block-image size-large\"><img loading=\"lazy\" decoding=\"async\" width=\"1024\" height=\"578\" src=\"http:\/\/www.associationlachaloupe.org\/wp-content\/uploads\/2022\/11\/AG2-copie-copie-1024x578.jpg\" alt=\"\" class=\"wp-image-1083\" srcset=\"https:\/\/www.associationlachaloupe.org\/wp-content\/uploads\/2022\/11\/AG2-copie-copie-1024x578.jpg 1024w, https:\/\/www.associationlachaloupe.org\/wp-content\/uploads\/2022\/11\/AG2-copie-copie-300x169.jpg 300w, https:\/\/www.associationlachaloupe.org\/wp-content\/uploads\/2022\/11\/AG2-copie-copie-768x433.jpg 768w, https:\/\/www.associationlachaloupe.org\/wp-content\/uploads\/2022\/11\/AG2-copie-copie-1536x866.jpg 1536w, https:\/\/www.associationlachaloupe.org\/wp-content\/uploads\/2022\/11\/AG2-copie-copie-2048x1155.jpg 2048w\" sizes=\"auto, (max-width: 767px) 89vw, (max-width: 1000px) 54vw, (max-width: 1071px) 543px, 580px\" \/><figcaption class=\"wp-element-caption\">Olivier MAGADUR, G\u00e9rard LEBRET, Yves GAGEOT, Axelle GUENSER, Franck GREGORY, Christian DUMUR, Antoine BUGEON, Henri GENDRON, Fr\u00e9d\u00e9ric CHENIER, Daniel HELLO, \u00c9tienne DAUSSY. Romain HAMOUI absent.<\/figcaption><\/figure>\n\n\n\n<p><em>Composition de notre bureau <\/em>2024<\/p>\n\n\n\n<figure class=\"wp-block-table\"><table><tbody><tr><td>Pr\u00e9sident <\/td><td><strong>DUMUR Christian<\/strong><\/td><\/tr><tr><td>Vice-Pr\u00e9sident <\/td><td><strong>CHENIER Fr\u00e9d\u00e9ric<\/strong><\/td><\/tr><tr><td>Tr\u00e9sorier <\/td><td><strong>BELLET Jean-Luc<\/strong><\/td><\/tr><tr><td>Tr\u00e9sorier-Adjoint&nbsp;<\/td><td><strong><strong>HAMOUI Romain<\/strong><\/strong><\/td><\/tr><tr><td>Secr\u00e9taire <\/td><td><strong>BUGEON Antoine<\/strong><\/td><\/tr><tr><td>Secr\u00e9taire Adjoint <\/td><td><strong>DAUSSY \u00c9tienne<\/strong><\/td><\/tr><\/tbody><\/table><\/figure>\n\n\n\n<p><em>Administrateurs <\/em><\/p>\n\n\n\n<figure class=\"wp-block-table\"><table><tbody><tr><td><strong>LEBRET<\/strong> <strong>G\u00e9rard <\/strong><\/td><td><strong>HELLO<\/strong> <strong>Daniel<\/strong><\/td><\/tr><tr><td><strong>GAGEOT Yves<\/strong><\/td><td><strong>GREGORY Franck<\/strong><\/td><\/tr><tr><td><\/td><td><\/td><\/tr><\/tbody><\/table><\/figure>\n\n\n\n<p><\/p>\n\n\n\n<p><\/p>\n","protected":false},"excerpt":{"rendered":"<p>Composition de notre bureau 2024 Pr\u00e9sident DUMUR Christian Vice-Pr\u00e9sident CHENIER Fr\u00e9d\u00e9ric Tr\u00e9sorier BELLET Jean-Luc Tr\u00e9sorier-Adjoint&nbsp; HAMOUI Romain Secr\u00e9taire BUGEON Antoine Secr\u00e9taire Adjoint DAUSSY \u00c9tienne Administrateurs LEBRET G\u00e9rard HELLO Daniel GAGEOT Yves GREGORY Franck<\/p>\n","protected":false},"author":2,"featured_media":0,"parent":0,"menu_order":0,"comment_status":"closed","ping_status":"closed","template":"","meta":{"footnotes":""},"class_list":["post-411","page","type-page","status-publish","hentry"],"_links":{"self":[{"href":"https:\/\/www.associationlachaloupe.org\/index.php?rest_route=\/wp\/v2\/pages\/411","targetHints":{"allow":["GET"]}}],"collection":[{"href":"https:\/\/www.associationlachaloupe.org\/index.php?rest_route=\/wp\/v2\/pages"}],"about":[{"href":"https:\/\/www.associationlachaloupe.org\/index.php?rest_route=\/wp\/v2\/types\/page"}],"author":[{"embeddable":true,"href":"https:\/\/www.associationlachaloupe.org\/index.php?rest_route=\/wp\/v2\/users\/2"}],"replies":[{"embeddable":true,"href":"https:\/\/www.associationlachaloupe.org\/index.php?rest_route=%2Fwp%2Fv2%2Fcomments&post=411"}],"version-history":[{"count":12,"href":"https:\/\/www.associationlachaloupe.org\/index.php?rest_route=\/wp\/v2\/pages\/411\/revisions"}],"predecessor-version":[{"id":1825,"href":"https:\/\/www.associationlachaloupe.org\/index.php?rest_route=\/wp\/v2\/pages\/411\/revisions\/1825"}],"wp:attachment":[{"href":"https:\/\/www.associationlachaloupe.org\/index.php?rest_route=%2Fwp%2Fv2%2Fmedia&parent=411"}],"curies":[{"name":"wp","href":"https:\/\/api.w.org\/{rel}","templated":true}]}}