{"id":84,"date":"2022-09-07T12:28:04","date_gmt":"2022-09-07T10:28:04","guid":{"rendered":"http:\/\/www.associationlachaloupe.org\/?page_id=84"},"modified":"2023-01-25T11:31:44","modified_gmt":"2023-01-25T10:31:44","slug":"latelier","status":"publish","type":"page","link":"https:\/\/www.associationlachaloupe.org\/?page_id=84","title":{"rendered":"Atelier"},"content":{"rendered":"\n<p class=\"has-text-align-left has-white-background-color has-text-color has-background\" style=\"color:#a73c2e;font-size:25px\">Dans l&#8217;atelier situ\u00e9 sur le vieux port de Noirmoutier-en-l&#8217;\u00cele, les adh\u00e9rents de La Chaloupe <strong><em>\u0153<\/em>uvrent \u00e0 l&#8217;entretien et aux r\u00e9parations<\/strong> des bateaux et b\u00e2timents de l&#8217;association.<\/p>\n\n\n\n<p><\/p>\n\n\n\n<div class=\"wp-block-responsive-lightbox-gallery\"><div class=\"rl-gallery-container rl-loading rl-pagination-paged\" id=\"rl-gallery-container-1\" data-gallery_id=\"819\"> <ul class=\"rl-gallery rl-basicslider-gallery rl-hover-effect-2 rl-hover-icon-2\" id=\"rl-gallery-1\" data-gallery_no=\"1\"> <li class=\"rl-gallery-item\"><a href=\"https:\/\/www.associationlachaloupe.org\/wp-content\/uploads\/2022\/11\/cache_2484046135.png\" title=\"\" data-rl_title=\"\" class=\"rl-gallery-link\" data-rl_caption=\"\" data-rel=\"lightbox-gallery-1\"><img loading=\"lazy\" decoding=\"async\" src=\"https:\/\/www.associationlachaloupe.org\/wp-content\/uploads\/2022\/11\/cache_2484046135.png\" width=\"525\" height=\"353\" alt=\"\"\/><\/a><\/li><li class=\"rl-gallery-item\"><a href=\"https:\/\/www.associationlachaloupe.org\/wp-content\/uploads\/2022\/10\/atlier.jpeg\" title=\"\" data-rl_title=\"\" class=\"rl-gallery-link\" data-rl_caption=\"\" data-rel=\"lightbox-gallery-1\"><img loading=\"lazy\" decoding=\"async\" src=\"https:\/\/www.associationlachaloupe.org\/wp-content\/uploads\/2022\/10\/atlier.jpeg\" width=\"525\" height=\"350\" alt=\"\"\/><\/a><\/li><li class=\"rl-gallery-item\"><a href=\"https:\/\/www.associationlachaloupe.org\/wp-content\/uploads\/2022\/10\/IMG_5388-scaled.jpg\" title=\"\" data-rl_title=\"\" class=\"rl-gallery-link\" data-rl_caption=\"\" data-rel=\"lightbox-gallery-1\"><img loading=\"lazy\" decoding=\"async\" src=\"https:\/\/www.associationlachaloupe.org\/wp-content\/uploads\/2022\/10\/IMG_5388-1024x683.jpg\" width=\"525\" height=\"350\" alt=\"\"\/><\/a><\/li><li class=\"rl-gallery-item\"><a href=\"https:\/\/www.associationlachaloupe.org\/wp-content\/uploads\/2022\/10\/IMG_5387-scaled.jpg\" title=\"\" data-rl_title=\"\" class=\"rl-gallery-link\" data-rl_caption=\"\" data-rel=\"lightbox-gallery-1\"><img loading=\"lazy\" decoding=\"async\" src=\"https:\/\/www.associationlachaloupe.org\/wp-content\/uploads\/2022\/10\/IMG_5387-1024x683.jpg\" width=\"525\" height=\"350\" alt=\"\"\/><\/a><\/li><li class=\"rl-gallery-item\"><a href=\"https:\/\/www.associationlachaloupe.org\/wp-content\/uploads\/2022\/10\/IMG_5385-scaled.jpg\" title=\"\" data-rl_title=\"\" class=\"rl-gallery-link\" data-rl_caption=\"\" data-rel=\"lightbox-gallery-1\"><img loading=\"lazy\" decoding=\"async\" src=\"https:\/\/www.associationlachaloupe.org\/wp-content\/uploads\/2022\/10\/IMG_5385-1024x683.jpg\" width=\"525\" height=\"350\" alt=\"\"\/><\/a><\/li><li class=\"rl-gallery-item\"><a href=\"https:\/\/www.associationlachaloupe.org\/wp-content\/uploads\/2022\/10\/IMG_5386-scaled.jpg\" title=\"\" data-rl_title=\"\" class=\"rl-gallery-link\" data-rl_caption=\"\" data-rel=\"lightbox-gallery-1\"><img loading=\"lazy\" decoding=\"async\" src=\"https:\/\/www.associationlachaloupe.org\/wp-content\/uploads\/2022\/10\/IMG_5386-1024x683.jpg\" width=\"525\" height=\"350\" alt=\"\"\/><\/a><\/li> <\/ul> <div class=\"rl-pagination rl-pagination-bottom\"><\/div> <\/div><\/div>\n","protected":false},"excerpt":{"rendered":"<p>Dans l&#8217;atelier situ\u00e9 sur le vieux port de Noirmoutier-en-l&#8217;\u00cele, les adh\u00e9rents de La Chaloupe \u0153uvrent \u00e0 l&#8217;entretien et aux r\u00e9parations des bateaux et b\u00e2timents de l&#8217;association.<\/p>\n","protected":false},"author":2,"featured_media":0,"parent":0,"menu_order":0,"comment_status":"closed","ping_status":"closed","template":"","meta":{"footnotes":""},"class_list":["post-84","page","type-page","status-publish","hentry"],"_links":{"self":[{"href":"https:\/\/www.associationlachaloupe.org\/index.php?rest_route=\/wp\/v2\/pages\/84","targetHints":{"allow":["GET"]}}],"collection":[{"href":"https:\/\/www.associationlachaloupe.org\/index.php?rest_route=\/wp\/v2\/pages"}],"about":[{"href":"https:\/\/www.associationlachaloupe.org\/index.php?rest_route=\/wp\/v2\/types\/page"}],"author":[{"embeddable":true,"href":"https:\/\/www.associationlachaloupe.org\/index.php?rest_route=\/wp\/v2\/users\/2"}],"replies":[{"embeddable":true,"href":"https:\/\/www.associationlachaloupe.org\/index.php?rest_route=%2Fwp%2Fv2%2Fcomments&post=84"}],"version-history":[{"count":27,"href":"https:\/\/www.associationlachaloupe.org\/index.php?rest_route=\/wp\/v2\/pages\/84\/revisions"}],"predecessor-version":[{"id":1235,"href":"https:\/\/www.associationlachaloupe.org\/index.php?rest_route=\/wp\/v2\/pages\/84\/revisions\/1235"}],"wp:attachment":[{"href":"https:\/\/www.associationlachaloupe.org\/index.php?rest_route=%2Fwp%2Fv2%2Fmedia&parent=84"}],"curies":[{"name":"wp","href":"https:\/\/api.w.org\/{rel}","templated":true}]}}