{"id":984,"date":"2022-10-26T12:41:56","date_gmt":"2022-10-26T10:41:56","guid":{"rendered":"http:\/\/www.associationlachaloupe.org\/?page_id=984"},"modified":"2022-12-07T11:21:45","modified_gmt":"2022-12-07T10:21:45","slug":"bateau-1","status":"publish","type":"page","link":"https:\/\/www.associationlachaloupe.org\/?page_id=984","title":{"rendered":"ALPHA"},"content":{"rendered":"\n<figure class=\"wp-block-image size-large\"><img loading=\"lazy\" decoding=\"async\" width=\"1024\" height=\"683\" src=\"http:\/\/www.associationlachaloupe.org\/wp-content\/uploads\/2022\/11\/alpha1-1024x683.jpg\" alt=\"\" class=\"wp-image-1098\" srcset=\"https:\/\/www.associationlachaloupe.org\/wp-content\/uploads\/2022\/11\/alpha1-1024x683.jpg 1024w, https:\/\/www.associationlachaloupe.org\/wp-content\/uploads\/2022\/11\/alpha1-300x200.jpg 300w, https:\/\/www.associationlachaloupe.org\/wp-content\/uploads\/2022\/11\/alpha1-768x512.jpg 768w, https:\/\/www.associationlachaloupe.org\/wp-content\/uploads\/2022\/11\/alpha1-1536x1025.jpg 1536w, https:\/\/www.associationlachaloupe.org\/wp-content\/uploads\/2022\/11\/alpha1.jpg 1920w\" sizes=\"auto, (max-width: 767px) 89vw, (max-width: 1000px) 54vw, (max-width: 1071px) 543px, 580px\" \/><figcaption class=\"wp-element-caption\"><strong>\u00a9<\/strong> La Chaloupe<\/figcaption><\/figure>\n\n\n\n<p><strong>Les premiers <em>Dories<\/em> <\/strong>ont \u00e9t\u00e9 construits au <strong>chantier Emmons de Swampscott dans le Massachussetts<\/strong> dans la r\u00e9gion de Boston. Import\u00e9 au d\u00e9but du <strong>XXe si\u00e8cle <\/strong>par l&#8217;am\u00e9ricain Charles Prince qui \u00e9tait tomb\u00e9 amoureux de l&#8217;\u00eele de Noirmoutier, ce petit d\u00e9riveur arriv\u00e9 sur les c\u00f4tes Noirmoutrines devait servir \u00e0 <strong>l&#8217;apprentissage de la r\u00e9gate aux enfants <\/strong>de famille fortun\u00e9es. <\/p>\n\n\n\n<p>La construction de la flottille qui enjoliva <strong>les R\u00e9gates du Bois de la Chaise <\/strong>entre<strong> 1920 et 1930 <\/strong>f\u00fbt construite sur les <strong>chantiers Guybert \u00e0 Nantes<\/strong>, sur les m\u00eames plans que les originaux, mais aussi trois unit\u00e9s (\u00e0 d\u00e9rive) aux <strong>chantiers Le Marret \u00e0 Brest<\/strong>. Sans lest, c&#8217;est l&#8217;\u00e9quipe de deux personnes qui en tient lieu en s&#8217;asseyant au vent pour contrecarrer l&#8217;effet des ris\u00e9es. <\/p>\n\n\n\n<figure class=\"wp-block-image size-large\"><img loading=\"lazy\" decoding=\"async\" width=\"1024\" height=\"683\" src=\"http:\/\/www.associationlachaloupe.org\/wp-content\/uploads\/2022\/11\/alpha3-1024x683.jpg\" alt=\"\" class=\"wp-image-1099\" srcset=\"https:\/\/www.associationlachaloupe.org\/wp-content\/uploads\/2022\/11\/alpha3-1024x683.jpg 1024w, https:\/\/www.associationlachaloupe.org\/wp-content\/uploads\/2022\/11\/alpha3-300x200.jpg 300w, https:\/\/www.associationlachaloupe.org\/wp-content\/uploads\/2022\/11\/alpha3-768x512.jpg 768w, https:\/\/www.associationlachaloupe.org\/wp-content\/uploads\/2022\/11\/alpha3-1536x1025.jpg 1536w, https:\/\/www.associationlachaloupe.org\/wp-content\/uploads\/2022\/11\/alpha3.jpg 1920w\" sizes=\"auto, (max-width: 767px) 89vw, (max-width: 1000px) 54vw, (max-width: 1071px) 543px, 580px\" \/><figcaption class=\"wp-element-caption\"><strong>\u00a9<\/strong> La Chaloupe<\/figcaption><\/figure>\n\n\n\n<p>Des amateurs souhaitant le m\u00eame se tourn\u00e8rent vers les chantiers locaux mais n&#8217;y trouv\u00e8rent aucune satisfaction dans la <strong>finesse<\/strong>, ni les qualit\u00e9s <strong>des originaux qui \u00e9taient construits en excellent bois canadien. <\/strong><\/p>\n\n\n\n<p><strong>La flottille Noirmoutrine des <em>Dories<\/em> v\u00e9cu jusque dans les ann\u00e9es soixante<\/strong> mais d\u00e9j\u00e0 en 1936, il n&#8217;en restait que 2 ou 3 pr\u00e9cieusement conserv\u00e9s par leur propri\u00e9taire.<\/p>\n\n\n\n<p>Gr\u00e2ce \u00e0 <strong>l&#8217;engagement<\/strong> de certains membres de l&#8217;association La Chaloupe, <strong>une r\u00e9plique de <em>Dories<\/em> a vu le jour sous le nom de <em>ALPHA<\/em><\/strong>, nom d&#8217;un ancien club de Yatching de la Baie de Swampscott des ann\u00e9es 1900. <\/p>\n\n\n\n<figure class=\"wp-block-image size-large\"><img loading=\"lazy\" decoding=\"async\" width=\"1024\" height=\"683\" src=\"http:\/\/www.associationlachaloupe.org\/wp-content\/uploads\/2022\/11\/alpha-cosa-ostra-bidule-1024x683.jpg\" alt=\"\" class=\"wp-image-1100\" srcset=\"https:\/\/www.associationlachaloupe.org\/wp-content\/uploads\/2022\/11\/alpha-cosa-ostra-bidule-1024x683.jpg 1024w, https:\/\/www.associationlachaloupe.org\/wp-content\/uploads\/2022\/11\/alpha-cosa-ostra-bidule-300x200.jpg 300w, https:\/\/www.associationlachaloupe.org\/wp-content\/uploads\/2022\/11\/alpha-cosa-ostra-bidule-768x512.jpg 768w, https:\/\/www.associationlachaloupe.org\/wp-content\/uploads\/2022\/11\/alpha-cosa-ostra-bidule-1536x1025.jpg 1536w, https:\/\/www.associationlachaloupe.org\/wp-content\/uploads\/2022\/11\/alpha-cosa-ostra-bidule.jpg 1920w\" sizes=\"auto, (max-width: 767px) 89vw, (max-width: 1000px) 54vw, (max-width: 1071px) 543px, 580px\" \/><figcaption class=\"wp-element-caption\">ALPHA &#8211; COSA OSTRA &#8211; BIDULE <strong>\u00a9<\/strong> La Chaloupe<\/figcaption><\/figure>\n","protected":false},"excerpt":{"rendered":"<p>Les premiers Dories ont \u00e9t\u00e9 construits au chantier Emmons de Swampscott dans le Massachussetts dans la r\u00e9gion de Boston. Import\u00e9 au d\u00e9but du XXe si\u00e8cle par l&#8217;am\u00e9ricain Charles Prince qui \u00e9tait tomb\u00e9 amoureux de l&#8217;\u00eele de Noirmoutier, ce petit d\u00e9riveur arriv\u00e9 sur les c\u00f4tes Noirmoutrines devait servir \u00e0 l&#8217;apprentissage de la r\u00e9gate aux enfants de &hellip; <\/p>\n<p class=\"link-more\"><a href=\"https:\/\/www.associationlachaloupe.org\/?page_id=984\" class=\"more-link\">Continuer la lecture<span class=\"screen-reader-text\"> de &laquo;&nbsp;ALPHA&nbsp;&raquo;<\/span><\/a><\/p>\n","protected":false},"author":2,"featured_media":0,"parent":0,"menu_order":0,"comment_status":"closed","ping_status":"closed","template":"","meta":{"footnotes":""},"class_list":["post-984","page","type-page","status-publish","hentry"],"_links":{"self":[{"href":"https:\/\/www.associationlachaloupe.org\/index.php?rest_route=\/wp\/v2\/pages\/984","targetHints":{"allow":["GET"]}}],"collection":[{"href":"https:\/\/www.associationlachaloupe.org\/index.php?rest_route=\/wp\/v2\/pages"}],"about":[{"href":"https:\/\/www.associationlachaloupe.org\/index.php?rest_route=\/wp\/v2\/types\/page"}],"author":[{"embeddable":true,"href":"https:\/\/www.associationlachaloupe.org\/index.php?rest_route=\/wp\/v2\/users\/2"}],"replies":[{"embeddable":true,"href":"https:\/\/www.associationlachaloupe.org\/index.php?rest_route=%2Fwp%2Fv2%2Fcomments&post=984"}],"version-history":[{"count":10,"href":"https:\/\/www.associationlachaloupe.org\/index.php?rest_route=\/wp\/v2\/pages\/984\/revisions"}],"predecessor-version":[{"id":1127,"href":"https:\/\/www.associationlachaloupe.org\/index.php?rest_route=\/wp\/v2\/pages\/984\/revisions\/1127"}],"wp:attachment":[{"href":"https:\/\/www.associationlachaloupe.org\/index.php?rest_route=%2Fwp%2Fv2%2Fmedia&parent=984"}],"curies":[{"name":"wp","href":"https:\/\/api.w.org\/{rel}","templated":true}]}}