{"id":986,"date":"2022-10-26T12:42:34","date_gmt":"2022-10-26T10:42:34","guid":{"rendered":"http:\/\/www.associationlachaloupe.org\/?page_id=986"},"modified":"2022-12-07T11:21:15","modified_gmt":"2022-12-07T10:21:15","slug":"bateau-2","status":"publish","type":"page","link":"https:\/\/www.associationlachaloupe.org\/?page_id=986","title":{"rendered":"JEANNE J"},"content":{"rendered":"\n<figure class=\"wp-block-image size-full\"><img loading=\"lazy\" decoding=\"async\" width=\"800\" height=\"538\" src=\"http:\/\/www.associationlachaloupe.org\/wp-content\/uploads\/2022\/11\/cache_2484046135.png\" alt=\"\" class=\"wp-image-1086\" srcset=\"https:\/\/www.associationlachaloupe.org\/wp-content\/uploads\/2022\/11\/cache_2484046135.png 800w, https:\/\/www.associationlachaloupe.org\/wp-content\/uploads\/2022\/11\/cache_2484046135-300x202.png 300w, https:\/\/www.associationlachaloupe.org\/wp-content\/uploads\/2022\/11\/cache_2484046135-768x516.png 768w\" sizes=\"auto, (max-width: 767px) 89vw, (max-width: 1000px) 54vw, (max-width: 1071px) 543px, 580px\" \/><figcaption class=\"wp-element-caption\"><strong>\u00a9<\/strong> La Chaloupe<\/figcaption><\/figure>\n\n\n\n<p><em>Jeanne J<\/em> est une chaloupe de la Baie de Bourgneuf construite pour la plaisance sur le littoral. L&#8217;association La Chaloupe a toujours eu pour objectif de faire revivre des bateaux repr\u00e9sentatifs de l&#8217;activit\u00e9 du vieux port de Noirmoutier. L&#8217;id\u00e9e d&#8217;une chaloupe de la Baie de Bourgneuf existait d\u00e8s la cr\u00e9ation de l&#8217;association qui en a tir\u00e9 son nom et son logo. <\/p>\n\n\n\n<p>L&#8217;id\u00e9e a \u00e9t\u00e9 relanc\u00e9e en 2006 \u00e0 l&#8217;occasion des r\u00e9flexions pr\u00e9paratoires \u00e0 la comm\u00e9moration des 20 ans de l&#8217;association. Ce projet marquant une \u00e9tape importante de la vie de l&#8217;association accompagne le renouveau de l&#8217;activit\u00e9 du vieux port de Noirmoutier.<\/p>\n\n\n\n<p>Les plans sont adapt\u00e9s de la<em> Ren\u00e9-Joseph<\/em>, construite en 1908, derni\u00e8re chaloupe ayant navigu\u00e9 dans la Baie de Bourgneuf mais \u00e9galement \u00e9tudi\u00e9e gr\u00e2ce \u00e0 de nombreuses photos tir\u00e9es d&#8217;ouvrages. <\/p>\n\n\n\n<p class=\"has-text-align-center\"><a href=\"http:\/\/www.jeanne-j.org\/\" target=\"_blank\" rel=\"noreferrer noopener\">JEANNE-J.ORG<\/a><\/p>\n\n\n\n<figure class=\"wp-block-image size-large\"><img loading=\"lazy\" decoding=\"async\" width=\"683\" height=\"1024\" src=\"http:\/\/www.associationlachaloupe.org\/wp-content\/uploads\/2022\/11\/313569900_648215363621288_1414003631790845040_n-683x1024.jpg\" alt=\"\" class=\"wp-image-1058\" srcset=\"https:\/\/www.associationlachaloupe.org\/wp-content\/uploads\/2022\/11\/313569900_648215363621288_1414003631790845040_n-683x1024.jpg 683w, https:\/\/www.associationlachaloupe.org\/wp-content\/uploads\/2022\/11\/313569900_648215363621288_1414003631790845040_n-200x300.jpg 200w, https:\/\/www.associationlachaloupe.org\/wp-content\/uploads\/2022\/11\/313569900_648215363621288_1414003631790845040_n-768x1152.jpg 768w, https:\/\/www.associationlachaloupe.org\/wp-content\/uploads\/2022\/11\/313569900_648215363621288_1414003631790845040_n-1024x1536.jpg 1024w, https:\/\/www.associationlachaloupe.org\/wp-content\/uploads\/2022\/11\/313569900_648215363621288_1414003631790845040_n.jpg 1302w\" sizes=\"auto, (max-width: 683px) 100vw, 683px\" \/><figcaption class=\"wp-element-caption\"><strong>\u00a9<\/strong> La Chaloupe<\/figcaption><\/figure>\n\n\n\n<p>La chaloupe porte le nom de <em>Jeanne J<\/em> en souvenir de la grand-tante du principal copropri\u00e9taire, Jeanne Jannic, fille d&#8217;Amaris Jourdain, n\u00e9gociant-armateur sur le port de Noirmoutier et propri\u00e9taire au d\u00e9but du XXe si\u00e8cle d&#8217;une chaloupe noirmoutrine nomm\u00e9e <em>Jeannette<\/em>. <\/p>\n\n\n\n<figure class=\"wp-block-table\"><table><tbody><tr><td>Longueur hors tout<\/td><td><strong>14,00m<\/strong><\/td><\/tr><tr><td>Longueur \u00e0 la flottaison<\/td><td><strong>9,20m<\/strong><\/td><\/tr><tr><td>Tirant d&#8217;eau<\/td><td><strong>1,30m<\/strong><\/td><\/tr><tr><td>Tirant d&#8217;air<\/td><td><strong>22,00m<\/strong><\/td><\/tr><tr><td>D\u00e9placement<\/td><td><strong>10,50 tonnes<\/strong><\/td><\/tr><\/tbody><\/table><\/figure>\n\n\n\n<p><\/p>\n\n\n\n<figure class=\"wp-block-image size-large\"><img loading=\"lazy\" decoding=\"async\" width=\"1024\" height=\"683\" src=\"http:\/\/www.associationlachaloupe.org\/wp-content\/uploads\/2022\/11\/314392512_884793779206578_2284182283468532133_n-1024x683.jpg\" alt=\"\" class=\"wp-image-1061\" srcset=\"https:\/\/www.associationlachaloupe.org\/wp-content\/uploads\/2022\/11\/314392512_884793779206578_2284182283468532133_n-1024x683.jpg 1024w, https:\/\/www.associationlachaloupe.org\/wp-content\/uploads\/2022\/11\/314392512_884793779206578_2284182283468532133_n-300x200.jpg 300w, https:\/\/www.associationlachaloupe.org\/wp-content\/uploads\/2022\/11\/314392512_884793779206578_2284182283468532133_n-768x512.jpg 768w, https:\/\/www.associationlachaloupe.org\/wp-content\/uploads\/2022\/11\/314392512_884793779206578_2284182283468532133_n-1536x1025.jpg 1536w, https:\/\/www.associationlachaloupe.org\/wp-content\/uploads\/2022\/11\/314392512_884793779206578_2284182283468532133_n.jpg 2048w\" sizes=\"auto, (max-width: 767px) 89vw, (max-width: 1000px) 54vw, (max-width: 1071px) 543px, 580px\" \/><figcaption class=\"wp-element-caption\"><strong>\u00a9<\/strong> La Chaloupe<\/figcaption><\/figure>\n\n\n\n<figure class=\"wp-block-image size-large\"><img loading=\"lazy\" decoding=\"async\" width=\"1024\" height=\"683\" src=\"http:\/\/www.associationlachaloupe.org\/wp-content\/uploads\/2022\/11\/313828994_3218936021700651_8647977493987859109_n-1024x683.jpg\" alt=\"\" class=\"wp-image-1062\" srcset=\"https:\/\/www.associationlachaloupe.org\/wp-content\/uploads\/2022\/11\/313828994_3218936021700651_8647977493987859109_n-1024x683.jpg 1024w, https:\/\/www.associationlachaloupe.org\/wp-content\/uploads\/2022\/11\/313828994_3218936021700651_8647977493987859109_n-300x200.jpg 300w, https:\/\/www.associationlachaloupe.org\/wp-content\/uploads\/2022\/11\/313828994_3218936021700651_8647977493987859109_n-768x512.jpg 768w, https:\/\/www.associationlachaloupe.org\/wp-content\/uploads\/2022\/11\/313828994_3218936021700651_8647977493987859109_n-1536x1025.jpg 1536w, https:\/\/www.associationlachaloupe.org\/wp-content\/uploads\/2022\/11\/313828994_3218936021700651_8647977493987859109_n.jpg 1982w\" sizes=\"auto, (max-width: 767px) 89vw, (max-width: 1000px) 54vw, (max-width: 1071px) 543px, 580px\" \/><figcaption class=\"wp-element-caption\"><strong>\u00a9<\/strong> La Chaloupe<\/figcaption><\/figure>\n\n\n\n<figure class=\"wp-block-image size-large\"><img loading=\"lazy\" decoding=\"async\" width=\"1024\" height=\"683\" src=\"http:\/\/www.associationlachaloupe.org\/wp-content\/uploads\/2022\/11\/314121734_650235200159854_1476672856211117889_n-1-1024x683.jpg\" alt=\"\" class=\"wp-image-1063\" srcset=\"https:\/\/www.associationlachaloupe.org\/wp-content\/uploads\/2022\/11\/314121734_650235200159854_1476672856211117889_n-1-1024x683.jpg 1024w, https:\/\/www.associationlachaloupe.org\/wp-content\/uploads\/2022\/11\/314121734_650235200159854_1476672856211117889_n-1-300x200.jpg 300w, https:\/\/www.associationlachaloupe.org\/wp-content\/uploads\/2022\/11\/314121734_650235200159854_1476672856211117889_n-1-768x512.jpg 768w, https:\/\/www.associationlachaloupe.org\/wp-content\/uploads\/2022\/11\/314121734_650235200159854_1476672856211117889_n-1-1536x1025.jpg 1536w, https:\/\/www.associationlachaloupe.org\/wp-content\/uploads\/2022\/11\/314121734_650235200159854_1476672856211117889_n-1.jpg 2010w\" sizes=\"auto, (max-width: 767px) 89vw, (max-width: 1000px) 54vw, (max-width: 1071px) 543px, 580px\" \/><figcaption class=\"wp-element-caption\"><strong>\u00a9<\/strong> La Chaloupe<\/figcaption><\/figure>\n","protected":false},"excerpt":{"rendered":"<p>Jeanne J est une chaloupe de la Baie de Bourgneuf construite pour la plaisance sur le littoral. L&#8217;association La Chaloupe a toujours eu pour objectif de faire revivre des bateaux repr\u00e9sentatifs de l&#8217;activit\u00e9 du vieux port de Noirmoutier. L&#8217;id\u00e9e d&#8217;une chaloupe de la Baie de Bourgneuf existait d\u00e8s la cr\u00e9ation de l&#8217;association qui en a &hellip; <\/p>\n<p class=\"link-more\"><a href=\"https:\/\/www.associationlachaloupe.org\/?page_id=986\" class=\"more-link\">Continuer la lecture<span class=\"screen-reader-text\"> de &laquo;&nbsp;JEANNE J&nbsp;&raquo;<\/span><\/a><\/p>\n","protected":false},"author":2,"featured_media":0,"parent":0,"menu_order":0,"comment_status":"closed","ping_status":"closed","template":"","meta":{"footnotes":""},"class_list":["post-986","page","type-page","status-publish","hentry"],"_links":{"self":[{"href":"https:\/\/www.associationlachaloupe.org\/index.php?rest_route=\/wp\/v2\/pages\/986","targetHints":{"allow":["GET"]}}],"collection":[{"href":"https:\/\/www.associationlachaloupe.org\/index.php?rest_route=\/wp\/v2\/pages"}],"about":[{"href":"https:\/\/www.associationlachaloupe.org\/index.php?rest_route=\/wp\/v2\/types\/page"}],"author":[{"embeddable":true,"href":"https:\/\/www.associationlachaloupe.org\/index.php?rest_route=\/wp\/v2\/users\/2"}],"replies":[{"embeddable":true,"href":"https:\/\/www.associationlachaloupe.org\/index.php?rest_route=%2Fwp%2Fv2%2Fcomments&post=986"}],"version-history":[{"count":9,"href":"https:\/\/www.associationlachaloupe.org\/index.php?rest_route=\/wp\/v2\/pages\/986\/revisions"}],"predecessor-version":[{"id":1126,"href":"https:\/\/www.associationlachaloupe.org\/index.php?rest_route=\/wp\/v2\/pages\/986\/revisions\/1126"}],"wp:attachment":[{"href":"https:\/\/www.associationlachaloupe.org\/index.php?rest_route=%2Fwp%2Fv2%2Fmedia&parent=986"}],"curies":[{"name":"wp","href":"https:\/\/api.w.org\/{rel}","templated":true}]}}